{"id":650,"date":"2024-06-04T12:09:47","date_gmt":"2024-06-04T12:09:47","guid":{"rendered":"https:\/\/serneke.knowe.work\/?page_id=650"},"modified":"2025-04-15T12:49:12","modified_gmt":"2025-04-15T12:49:12","slug":"kontakt","status":"publish","type":"page","link":"https:\/\/serneke.knowe.work\/?page_id=650","title":{"rendered":"Kontakt"},"content":{"rendered":"<p>[et_pb_section fb_built=&#8221;1&#8243; fullwidth=&#8221;on&#8221; _builder_version=&#8221;4.25.1&#8243; _module_preset=&#8221;default&#8221; global_colors_info=&#8221;{}&#8221;][et_pb_fullwidth_header text_orientation=&#8221;center&#8221; _builder_version=&#8221;4.25.1&#8243; _module_preset=&#8221;default&#8221; title_font=&#8221;Lexend|600|||||||&#8221; title_font_size=&#8221;42px&#8221; content_font=&#8221;Lexend|&#8211;et_global_body_font_weight|||||||&#8221; content_font_size=&#8221;18px&#8221; background_color=&#8221;RGBA(255,255,255,0)&#8221; use_background_color_gradient=&#8221;on&#8221; background_color_gradient_stops=&#8221;rgba(1,25,56,0.67) 0%|rgba(20,67,103,0.29) 99%&#8221; background_color_gradient_overlays_image=&#8221;on&#8221; background_image=&#8221;https:\/\/serneke.knowe.work\/wp-content\/uploads\/2025\/04\/0404-scaled.jpg&#8221; min_height=&#8221;450px&#8221; height=&#8221;450px&#8221; max_height=&#8221;450px&#8221; custom_margin=&#8221;-82px||||false|false&#8221; custom_padding=&#8221;123px||123px||true|false&#8221; custom_padding_tablet=&#8221;|0px||0px|true|false&#8221; custom_padding_phone=&#8221;|0px||0px|true|false&#8221; custom_padding_last_edited=&#8221;on|phone&#8221; global_colors_info=&#8221;{}&#8221;][\/et_pb_fullwidth_header][\/et_pb_section][et_pb_section fb_built=&#8221;1&#8243; specialty=&#8221;on&#8221; _builder_version=&#8221;4.25.1&#8243; _module_preset=&#8221;default&#8221; inner_width=&#8221;80%&#8221; inner_width_tablet=&#8221;80%&#8221; inner_width_phone=&#8221;84%&#8221; inner_width_last_edited=&#8221;on|phone&#8221; inner_max_width=&#8221;100%&#8221; custom_margin_tablet=&#8221;&#8221; custom_margin_phone=&#8221;0px||||false|false&#8221; custom_margin_last_edited=&#8221;on|phone&#8221; custom_padding=&#8221;24px||||false|false&#8221; global_colors_info=&#8221;{}&#8221;][et_pb_column type=&#8221;1_2&#8243; specialty_columns=&#8221;2&#8243; _builder_version=&#8221;4.16&#8243; custom_padding=&#8221;|||&#8221; global_colors_info=&#8221;{}&#8221; custom_padding__hover=&#8221;|||&#8221;][et_pb_row_inner custom_padding_last_edited=&#8221;on|tablet&#8221; _builder_version=&#8221;4.25.1&#8243; _module_preset=&#8221;default&#8221; custom_margin=&#8221;26px||||false|false&#8221; custom_margin_tablet=&#8221;10px||||false|false&#8221; custom_margin_phone=&#8221;0px||0px||true|false&#8221; custom_margin_last_edited=&#8221;on|phone&#8221; custom_padding=&#8221;49px||||false|false&#8221; custom_padding_tablet=&#8221;10px||||false|false&#8221; custom_padding_phone=&#8221;10px||||false|false&#8221; global_colors_info=&#8221;{}&#8221;][et_pb_column_inner saved_specialty_column_type=&#8221;1_2&#8243; _builder_version=&#8221;4.25.1&#8243; _module_preset=&#8221;default&#8221; global_colors_info=&#8221;{}&#8221;][et_pb_text _builder_version=&#8221;4.25.1&#8243; _module_preset=&#8221;f65ba2f1-d270-42a4-8b75-2746780cbd66&#8243; global_colors_info=&#8221;{}&#8221;]<\/p>\n<h1><span>Kontakta oss<\/span><\/h1>\n<p>[\/et_pb_text][et_pb_text _builder_version=&#8221;4.25.1&#8243; _module_preset=&#8221;default&#8221; text_font=&#8221;&#8211;et_global_body_font|&#8211;et_global_body_font_weight|||||||&#8221; text_text_color=&#8221;#2F2F30&#8243; text_font_size=&#8221;18px&#8221; text_line_height=&#8221;1.6em&#8221; link_font=&#8221;||||on||||&#8221; link_text_color=&#8221;#4C6B8A&#8221; custom_margin=&#8221;-6px|||||&#8221; hover_enabled=&#8221;0&#8243; text_font_size_tablet=&#8221;16px&#8221; text_font_size_phone=&#8221;16px&#8221; text_font_size_last_edited=&#8221;on|phone&#8221; global_colors_info=&#8221;{}&#8221; sticky_enabled=&#8221;0&#8243;]<\/p>\n<p>Har du fr\u00e5gor om v\u00e5ra projekt, samarbeten eller framtida m\u00f6jligheter? Vi hj\u00e4lper dig g\u00e4rna. Skicka ett mejl till oss s\u00e5 \u00e5terkommer vi s\u00e5 snart vi kan.<\/p>\n<p><a href=\"mailto:info@olasernekeab.se\" title=\"mailto:info@olasernekeab.se\" data-outlook-id=\"8a6a9def-41e3-43d9-b774-9f379a0d808f\"><span lang=\"EN-GB\">info@olasernekeab.se<\/span><\/a><\/p>\n<p>Vi ser fram emot att h\u00f6ra fr\u00e5n dig!<\/p>\n<p>[\/et_pb_text][\/et_pb_column_inner][\/et_pb_row_inner][\/et_pb_column][et_pb_column type=&#8221;1_2&#8243; _builder_version=&#8221;4.16&#8243; custom_padding=&#8221;|||&#8221; global_colors_info=&#8221;{}&#8221; custom_padding__hover=&#8221;|||&#8221;][et_pb_image src=&#8221;https:\/\/serneke.knowe.work\/wp-content\/uploads\/2025\/04\/SMA_Serneke_Cirkustomten_Vy1_Soul_LOW.jpg&#8221; title_text=&#8221;SMA_Serneke_Cirkustomten_Vy1_Soul_LOW&#8221; _builder_version=&#8221;4.25.1&#8243; _module_preset=&#8221;default&#8221; global_colors_info=&#8221;{}&#8221;][\/et_pb_image][\/et_pb_column][\/et_pb_section]<\/p>\n","protected":false},"excerpt":{"rendered":"<p>Kontakta ossHar du fr\u00e5gor om v\u00e5ra projekt, samarbeten eller framtida m\u00f6jligheter? Vi hj\u00e4lper dig g\u00e4rna. Skicka ett mejl till oss s\u00e5 \u00e5terkommer vi s\u00e5 snart vi kan. info@olasernekeab.se Vi ser fram emot att h\u00f6ra fr\u00e5n dig!<\/p>\n","protected":false},"author":2,"featured_media":0,"parent":0,"menu_order":0,"comment_status":"closed","ping_status":"closed","template":"","meta":{"_et_pb_use_builder":"on","_et_pb_old_content":"<!-- wp:divi\/placeholder \/-->","_et_gb_content_width":"","footnotes":""},"class_list":["post-650","page","type-page","status-publish","hentry"],"_links":{"self":[{"href":"https:\/\/serneke.knowe.work\/index.php?rest_route=\/wp\/v2\/pages\/650","targetHints":{"allow":["GET"]}}],"collection":[{"href":"https:\/\/serneke.knowe.work\/index.php?rest_route=\/wp\/v2\/pages"}],"about":[{"href":"https:\/\/serneke.knowe.work\/index.php?rest_route=\/wp\/v2\/types\/page"}],"author":[{"embeddable":true,"href":"https:\/\/serneke.knowe.work\/index.php?rest_route=\/wp\/v2\/users\/2"}],"replies":[{"embeddable":true,"href":"https:\/\/serneke.knowe.work\/index.php?rest_route=%2Fwp%2Fv2%2Fcomments&post=650"}],"version-history":[{"count":18,"href":"https:\/\/serneke.knowe.work\/index.php?rest_route=\/wp\/v2\/pages\/650\/revisions"}],"predecessor-version":[{"id":1151,"href":"https:\/\/serneke.knowe.work\/index.php?rest_route=\/wp\/v2\/pages\/650\/revisions\/1151"}],"wp:attachment":[{"href":"https:\/\/serneke.knowe.work\/index.php?rest_route=%2Fwp%2Fv2%2Fmedia&parent=650"}],"curies":[{"name":"wp","href":"https:\/\/api.w.org\/{rel}","templated":true}]}}